{"id":1876,"date":"2022-05-17T13:55:13","date_gmt":"2022-05-17T11:55:13","guid":{"rendered":"https:\/\/www.myosotis.ch\/mot-de-passe-oublie\/"},"modified":"2022-07-02T10:19:24","modified_gmt":"2022-07-02T08:19:24","slug":"mot-de-passe-oublie","status":"publish","type":"page","link":"https:\/\/www.myosotis.ch\/en\/mot-de-passe-oublie\/","title":{"rendered":"Welcome"},"content":{"rendered":"","protected":false},"excerpt":{"rendered":"","protected":false},"author":1,"featured_media":0,"parent":0,"menu_order":0,"comment_status":"closed","ping_status":"closed","template":"template-forgotten-password.php","meta":{"_acf_changed":false,"footnotes":""},"folder":[],"class_list":["post-1876","page","type-page","status-publish","hentry"],"acf":[],"yoast_head":"<!-- This site is optimized with the Yoast SEO plugin v22.1 - https:\/\/yoast.com\/wordpress\/plugins\/seo\/ -->\n<title>Welcome - Myosotis<\/title>\n<meta name=\"robots\" content=\"index, follow, max-snippet:-1, max-image-preview:large, max-video-preview:-1\" \/>\n<link rel=\"canonical\" href=\"https:\/\/www.myosotis.ch\/en\/mot-de-passe-oublie\/\" \/>\n<meta property=\"og:locale\" content=\"en_US\" \/>\n<meta property=\"og:type\" content=\"article\" \/>\n<meta property=\"og:title\" content=\"Welcome - Myosotis\" \/>\n<meta property=\"og:url\" content=\"https:\/\/www.myosotis.ch\/en\/mot-de-passe-oublie\/\" \/>\n<meta property=\"og:site_name\" content=\"Myosotis\" \/>\n<meta property=\"article:modified_time\" content=\"2022-07-02T08:19:24+00:00\" \/>\n<meta name=\"twitter:card\" content=\"summary_large_image\" \/>\n<script type=\"application\/ld+json\" class=\"yoast-schema-graph\">{\"@context\":\"https:\/\/schema.org\",\"@graph\":[{\"@type\":\"WebPage\",\"@id\":\"https:\/\/www.myosotis.ch\/en\/mot-de-passe-oublie\/\",\"url\":\"https:\/\/www.myosotis.ch\/en\/mot-de-passe-oublie\/\",\"name\":\"Welcome - Myosotis\",\"isPartOf\":{\"@id\":\"https:\/\/www.myosotis.ch\/#website\"},\"datePublished\":\"2022-05-17T11:55:13+00:00\",\"dateModified\":\"2022-07-02T08:19:24+00:00\",\"inLanguage\":\"en-US\",\"potentialAction\":[{\"@type\":\"ReadAction\",\"target\":[\"https:\/\/www.myosotis.ch\/en\/mot-de-passe-oublie\/\"]}]},{\"@type\":\"WebSite\",\"@id\":\"https:\/\/www.myosotis.ch\/#website\",\"url\":\"https:\/\/www.myosotis.ch\/\",\"name\":\"Myosotis\",\"description\":\"La Fondation Myosotis a \u00e9t\u00e9 cr\u00e9\u00e9e par Philip Morris. Elle a pour mission de d\u00e9velopper et de g\u00e9rer les cr\u00e8ches de la compagnie, afin de permettre \u00e0 ses collaboratrices et collaborateurs de mieux concilier vie professionnelle et familiale.\",\"potentialAction\":[{\"@type\":\"SearchAction\",\"target\":{\"@type\":\"EntryPoint\",\"urlTemplate\":\"https:\/\/www.myosotis.ch\/?s={search_term_string}\"},\"query-input\":\"required name=search_term_string\"}],\"inLanguage\":\"en-US\"}]}<\/script>\n<!-- \/ Yoast SEO plugin. -->","yoast_head_json":{"title":"Welcome - Myosotis","robots":{"index":"index","follow":"follow","max-snippet":"max-snippet:-1","max-image-preview":"max-image-preview:large","max-video-preview":"max-video-preview:-1"},"canonical":"https:\/\/www.myosotis.ch\/en\/mot-de-passe-oublie\/","og_locale":"en_US","og_type":"article","og_title":"Welcome - Myosotis","og_url":"https:\/\/www.myosotis.ch\/en\/mot-de-passe-oublie\/","og_site_name":"Myosotis","article_modified_time":"2022-07-02T08:19:24+00:00","twitter_card":"summary_large_image","schema":{"@context":"https:\/\/schema.org","@graph":[{"@type":"WebPage","@id":"https:\/\/www.myosotis.ch\/en\/mot-de-passe-oublie\/","url":"https:\/\/www.myosotis.ch\/en\/mot-de-passe-oublie\/","name":"Welcome - Myosotis","isPartOf":{"@id":"https:\/\/www.myosotis.ch\/#website"},"datePublished":"2022-05-17T11:55:13+00:00","dateModified":"2022-07-02T08:19:24+00:00","inLanguage":"en-US","potentialAction":[{"@type":"ReadAction","target":["https:\/\/www.myosotis.ch\/en\/mot-de-passe-oublie\/"]}]},{"@type":"WebSite","@id":"https:\/\/www.myosotis.ch\/#website","url":"https:\/\/www.myosotis.ch\/","name":"Myosotis","description":"La Fondation Myosotis a \u00e9t\u00e9 cr\u00e9\u00e9e par Philip Morris. Elle a pour mission de d\u00e9velopper et de g\u00e9rer les cr\u00e8ches de la compagnie, afin de permettre \u00e0 ses collaboratrices et collaborateurs de mieux concilier vie professionnelle et familiale.","potentialAction":[{"@type":"SearchAction","target":{"@type":"EntryPoint","urlTemplate":"https:\/\/www.myosotis.ch\/?s={search_term_string}"},"query-input":"required name=search_term_string"}],"inLanguage":"en-US"}]}},"_links":{"self":[{"href":"https:\/\/www.myosotis.ch\/en\/wp-json\/wp\/v2\/pages\/1876","targetHints":{"allow":["GET"]}}],"collection":[{"href":"https:\/\/www.myosotis.ch\/en\/wp-json\/wp\/v2\/pages"}],"about":[{"href":"https:\/\/www.myosotis.ch\/en\/wp-json\/wp\/v2\/types\/page"}],"author":[{"embeddable":true,"href":"https:\/\/www.myosotis.ch\/en\/wp-json\/wp\/v2\/users\/1"}],"replies":[{"embeddable":true,"href":"https:\/\/www.myosotis.ch\/en\/wp-json\/wp\/v2\/comments?post=1876"}],"version-history":[{"count":3,"href":"https:\/\/www.myosotis.ch\/en\/wp-json\/wp\/v2\/pages\/1876\/revisions"}],"predecessor-version":[{"id":1879,"href":"https:\/\/www.myosotis.ch\/en\/wp-json\/wp\/v2\/pages\/1876\/revisions\/1879"}],"wp:attachment":[{"href":"https:\/\/www.myosotis.ch\/en\/wp-json\/wp\/v2\/media?parent=1876"}],"wp:term":[{"taxonomy":"folder","embeddable":true,"href":"https:\/\/www.myosotis.ch\/en\/wp-json\/wp\/v2\/folder?post=1876"}],"curies":[{"name":"wp","href":"https:\/\/api.w.org\/{rel}","templated":true}]}}